{"id":1573,"date":"2022-12-19T21:48:28","date_gmt":"2022-12-19T21:48:28","guid":{"rendered":"http:\/\/sv-djk-waltrop.de\/?page_id=1573"},"modified":"2022-12-19T21:48:28","modified_gmt":"2022-12-19T21:48:28","slug":"archiv-startseite","status":"publish","type":"page","link":"https:\/\/sv-djk-waltrop.de\/?page_id=1573","title":{"rendered":"Archiv &#8211; Startseite"},"content":{"rendered":"<h4>Wir sind dabei &#8211; Ihr findet uns in der Vorweihnachtszeit, immer Mittwochs an der Hochstr. 78<\/h4>\n<p><img decoding=\"async\" loading=\"lazy\" class=\"alignnone  wp-image-1244\" src=\"http:\/\/sv-djk-waltrop.de\/wp-content\/uploads\/2021\/12\/Flyer-DJK-2021_7.jpg\" alt=\"\" width=\"299\" height=\"351\" srcset=\"https:\/\/sv-djk-waltrop.de\/wp-content\/uploads\/2021\/12\/Flyer-DJK-2021_7.jpg 500w, https:\/\/sv-djk-waltrop.de\/wp-content\/uploads\/2021\/12\/Flyer-DJK-2021_7-256x300.jpg 256w\" sizes=\"(max-width: 299px) 100vw, 299px\" \/>\u00a0 <img decoding=\"async\" loading=\"lazy\" class=\"alignnone  wp-image-1209\" src=\"http:\/\/sv-djk-waltrop.de\/wp-content\/uploads\/2021\/11\/IMG_3281Web-1024x683.jpg\" alt=\"\" width=\"272\" height=\"181\" srcset=\"https:\/\/sv-djk-waltrop.de\/wp-content\/uploads\/2021\/11\/IMG_3281Web-1024x683.jpg 1024w, https:\/\/sv-djk-waltrop.de\/wp-content\/uploads\/2021\/11\/IMG_3281Web-300x200.jpg 300w, https:\/\/sv-djk-waltrop.de\/wp-content\/uploads\/2021\/11\/IMG_3281Web-768x512.jpg 768w, https:\/\/sv-djk-waltrop.de\/wp-content\/uploads\/2021\/11\/IMG_3281Web.jpg 1200w\" sizes=\"(max-width: 272px) 100vw, 272px\" \/> <img decoding=\"async\" loading=\"lazy\" class=\"alignnone  wp-image-1208\" src=\"http:\/\/sv-djk-waltrop.de\/wp-content\/uploads\/2021\/11\/IMG_3276Web-1024x632.jpg\" alt=\"\" width=\"294\" height=\"181\" srcset=\"https:\/\/sv-djk-waltrop.de\/wp-content\/uploads\/2021\/11\/IMG_3276Web-1024x632.jpg 1024w, https:\/\/sv-djk-waltrop.de\/wp-content\/uploads\/2021\/11\/IMG_3276Web-300x185.jpg 300w, https:\/\/sv-djk-waltrop.de\/wp-content\/uploads\/2021\/11\/IMG_3276Web-768x474.jpg 768w, https:\/\/sv-djk-waltrop.de\/wp-content\/uploads\/2021\/11\/IMG_3276Web.jpg 1079w\" sizes=\"(max-width: 294px) 100vw, 294px\" \/>\u00a0\u00a0 <img decoding=\"async\" loading=\"lazy\" class=\"alignnone  wp-image-1210\" src=\"http:\/\/sv-djk-waltrop.de\/wp-content\/uploads\/2021\/11\/IMG_3283Web-1024x683.jpg\" alt=\"\" width=\"272\" height=\"181\" srcset=\"https:\/\/sv-djk-waltrop.de\/wp-content\/uploads\/2021\/11\/IMG_3283Web-1024x683.jpg 1024w, https:\/\/sv-djk-waltrop.de\/wp-content\/uploads\/2021\/11\/IMG_3283Web-300x200.jpg 300w, https:\/\/sv-djk-waltrop.de\/wp-content\/uploads\/2021\/11\/IMG_3283Web-768x512.jpg 768w, https:\/\/sv-djk-waltrop.de\/wp-content\/uploads\/2021\/11\/IMG_3283Web.jpg 1200w\" sizes=\"(max-width: 272px) 100vw, 272px\" \/><\/p>\n<p>\u00a0<\/p>\n<p>Ihr k\u00f6nnt unseren Verein jetzt \u00fcber <a href=\"https:\/\/smile.amazon.de\/\">Amazon.Smile.de<\/a> unterst\u00fctzen<\/p>\n<p>Hierzu bei Organisation nach &#8222;SV DJK Teutonia Waltrop&#8220; suchen und dann ausw\u00e4hlen.<\/p>\n<p>Weitere Infos zum Installieren der App findet ihr <a href=\"https:\/\/smile.amazon.de\/b\/ref=sma_se_smaf_llm_lm?_encoding=UTF8&amp;node=17343423031\">hier<\/a> , allgemeines zu Amazon.Smile.de findet ihr <a href=\"https:\/\/smile.amazon.de\/gp\/chpf\/about\/ref=smi_se_rspo_laas_aas\">hier<\/a>.<\/p>\n<p><img decoding=\"async\" loading=\"lazy\" class=\"alignnone size-full wp-image-1130\" src=\"http:\/\/sv-djk-waltrop.de\/wp-content\/uploads\/2021\/09\/AmazonSmile2.jpg\" alt=\"\" width=\"563\" height=\"398\" srcset=\"https:\/\/sv-djk-waltrop.de\/wp-content\/uploads\/2021\/09\/AmazonSmile2.jpg 563w, https:\/\/sv-djk-waltrop.de\/wp-content\/uploads\/2021\/09\/AmazonSmile2-300x212.jpg 300w\" sizes=\"(max-width: 563px) 100vw, 563px\" \/><\/p>\n<p>Ebenso ist eine Unterst\u00fctzung beim Netto Marken-Discount m\u00f6glich<\/p>\n<h4><img decoding=\"async\" loading=\"lazy\" class=\"alignnone size-large wp-image-1073\" src=\"http:\/\/sv-djk-waltrop.de\/wp-content\/uploads\/2021\/08\/RegionaleSpendenpartner_Insta_1080x1080-1024x1024.jpg\" alt=\"\" width=\"720\" height=\"720\" srcset=\"https:\/\/sv-djk-waltrop.de\/wp-content\/uploads\/2021\/08\/RegionaleSpendenpartner_Insta_1080x1080-1024x1024.jpg 1024w, https:\/\/sv-djk-waltrop.de\/wp-content\/uploads\/2021\/08\/RegionaleSpendenpartner_Insta_1080x1080-150x150.jpg 150w, https:\/\/sv-djk-waltrop.de\/wp-content\/uploads\/2021\/08\/RegionaleSpendenpartner_Insta_1080x1080-300x300.jpg 300w, https:\/\/sv-djk-waltrop.de\/wp-content\/uploads\/2021\/08\/RegionaleSpendenpartner_Insta_1080x1080-768x768.jpg 768w, https:\/\/sv-djk-waltrop.de\/wp-content\/uploads\/2021\/08\/RegionaleSpendenpartner_Insta_1080x1080-160x160.jpg 160w, https:\/\/sv-djk-waltrop.de\/wp-content\/uploads\/2021\/08\/RegionaleSpendenpartner_Insta_1080x1080-320x320.jpg 320w, https:\/\/sv-djk-waltrop.de\/wp-content\/uploads\/2021\/08\/RegionaleSpendenpartner_Insta_1080x1080.jpg 1080w\" sizes=\"(max-width: 720px) 100vw, 720px\" \/><\/h4>\n<h4>\u00a0<\/h4>\n<h4>Hallo Kids der Querbahnen 3 und 4, sowie der langen Bahn!<\/h4>\n<p>Solltest du bisher keine Einladung zum Schwimmtraining nach den Ferien bekommen haben, dann liegt das daran, da\u00df wir keine aktuelle Handynummer von dir haben!<\/p>\n<p>Bitte melde dich bis sp\u00e4testens den 12.8. bei mir, damit wir dir die notwendigen Infos zukommen lassen k\u00f6nnen.<\/p>\n<p>Tel. 0174-8684412<\/p>\n<p>Ohne vorherige Best\u00e4tigung durch mich ist kein Training m\u00f6glich.<\/p>\n<p>LG Sandra Hornberger<br \/>SV DJK Teutonia Waltrop e.V.<\/p>\n<p>Stand 08.08.2021<\/p>\n<p>\u00a0<\/p>\n<h4>An alle Kids Schwimmer, die bisher noch nicht die M\u00f6glichkeit hatten, zum Training zu kommen!<\/h4>\n<p>Sollten die Regeln so bleiben wie sie jetzt sind, werdet auch ihr nach den Sommerferien wieder zum Training kommen k\u00f6nnen. Dazu werden wir euch alle in den Ferien telefonisch benachrichtigen. Sollte jemand bis zum Ende der Ferien keine pers\u00f6nliche R\u00fcckmeldung von uns bekommen haben, dann meldet euch bitte nochmal per Mail bei uns.<\/p>\n<p>Vielen Dank an euch alle, dass ihr uns weiterhin die Treue gehalten habt und dr\u00fcckt uns allen die Daumen, dass wir mit euch allen nach den Ferien wieder starten k\u00f6nnen.<\/p>\n<p>Euer Vorstand<br \/>SV DJK Teutonia Waltrop e.V.<br \/>Stand 13.06.2021<\/p>\n<p>\u00a0<\/p>\n<h4>Dank eurer tollen Unterst\u00fctzung hat unser Projekt &#8222;Fit f\u00fcr die Nichtschwimmer&#8220; bei &#8222;All for Vest Future&#8220; den 25. Platz belegt und damit ein <span style=\"color: #ff0000;\">Preisgeld von 1750,- EUR<\/span> f\u00fcr das Projekt erhalten.<\/h4>\n<p>Stand 26.04.2021<\/p>\n<p>\u00a0<\/p>\n<h4>Unser Projekt <span style=\"color: #ff0000;\">&#8222;Fit f\u00fcr die Nichtschwimmer&#8220;<\/span> bei <span style=\"color: #ff0000;\">&#8222;All for Vest Future&#8220;<\/span> der Sparkasse braucht noch dringend eure Unterst\u00fctzung !<\/h4>\n<p><a href=\"https:\/\/www.vestfuture.de\/#\/projekt\/78\/Fit-fuer-die-Nichtschwimmer\">https:\/\/www.vestfuture.de\/#\/projekt\/78\/Fit-fuer-die-Nichtschwimmer<\/a><\/p>\n<h4>Bitte macht mit und gebt uns 5 Sterne (Abstimmung l\u00e4uft nur noch bis zum 25.04. \u00fcber Facebook).<\/h4>\n<p>Details zum Projekt bei All for Vest Future:<\/p>\n<p>Der SV DJK Teutonia Waltrop e.V. ist ein Schwimmverein in Waltrop, der sich im Bereich Nichtschwimmerausbildung, Schwimmerausbildung und Wettkampfschwimmen engagiert. Durch die Corona-Auflagen muss die Anzahl der Nichtschwimmer je Kurs allerdings drastisch reduziert werden. Um mehr Kindern die M\u00f6glichkeit zu geben an einem Kurs teilzunehmen, ben\u00f6tigen wir zus\u00e4tzliche, ausgebildete \u00dcbungsleiter(innen) und neues Material wie Schwimmbretter und Nudeln f\u00fcr die Nichtschwimmerkurse.<\/p>\n<p>2021 nehmen die Jugendlichen aus der Wettkampfmannschaft an einer entsprechenden Ausbildung beim Schwimmverband teil und erhalten damit die notwendige Qualifikation. Damit haben wieder mehr Kinder die Chance an einem Nichtschwimmerkurs bei uns im Hallenbad in Waltrop teilzunehmen.<\/p>\n<p>Wir setzen auf eure Unterst\u00fctzung, bitte gebt unserem Projekt eure Stimme !!<\/p>\n<p>\u00a0<\/p>\n<h4><span style=\"color: #ff0000;\"><u><strong>Zur Info, da wohl das Ger\u00fccht kursiert, die WK w\u00fcrde trainieren!!<\/strong><\/u><\/span><\/h4>\n<h4><span style=\"color: #ff0000;\"><strong>Seit November 2020 ist f\u00fcr niemanden in unserem Schwimmverein das Schwimmtraining <\/strong><strong>im Hallenbad <\/strong><\/span><strong><span style=\"color: #ff0000;\">in keinster Weise<\/span> <\/strong><span style=\"color: #ff0000;\"><strong>m\u00f6glich!! Das Hallenbad ist bisher f\u00fcr die Vereine gesperrt gewesen!\u00a0<\/strong><\/span><\/h4>\n<h4>\u00a0<\/h4>\n<h4><span style=\"color: #ff0000;\"><strong>Der Vorstand<\/strong><\/span><\/h4>\n<h4><span style=\"color: #ff0000;\"><strong>Stand 06.04.2021<\/strong><\/span><\/h4>\n<div>\u00a0<\/div>\n<p><img decoding=\"async\" loading=\"lazy\" class=\"alignnone size-full wp-image-992\" src=\"http:\/\/sv-djk-waltrop.de\/wp-content\/uploads\/2021\/03\/Internetseite-Mitgl_Vers.jpg\" alt=\"\" width=\"905\" height=\"724\" srcset=\"https:\/\/sv-djk-waltrop.de\/wp-content\/uploads\/2021\/03\/Internetseite-Mitgl_Vers.jpg 905w, https:\/\/sv-djk-waltrop.de\/wp-content\/uploads\/2021\/03\/Internetseite-Mitgl_Vers-300x240.jpg 300w, https:\/\/sv-djk-waltrop.de\/wp-content\/uploads\/2021\/03\/Internetseite-Mitgl_Vers-768x614.jpg 768w\" sizes=\"(max-width: 905px) 100vw, 905px\" \/><\/p>\n<p><img decoding=\"async\" loading=\"lazy\" class=\"alignnone size-large wp-image-986\" src=\"http:\/\/sv-djk-waltrop.de\/wp-content\/uploads\/2021\/01\/CollageMaker_202111820272617-1024x1024.jpg\" alt=\"\" width=\"720\" height=\"720\" srcset=\"https:\/\/sv-djk-waltrop.de\/wp-content\/uploads\/2021\/01\/CollageMaker_202111820272617-1024x1024.jpg 1024w, https:\/\/sv-djk-waltrop.de\/wp-content\/uploads\/2021\/01\/CollageMaker_202111820272617-150x150.jpg 150w, https:\/\/sv-djk-waltrop.de\/wp-content\/uploads\/2021\/01\/CollageMaker_202111820272617-300x300.jpg 300w, https:\/\/sv-djk-waltrop.de\/wp-content\/uploads\/2021\/01\/CollageMaker_202111820272617-768x768.jpg 768w, https:\/\/sv-djk-waltrop.de\/wp-content\/uploads\/2021\/01\/CollageMaker_202111820272617-160x160.jpg 160w, https:\/\/sv-djk-waltrop.de\/wp-content\/uploads\/2021\/01\/CollageMaker_202111820272617-320x320.jpg 320w, https:\/\/sv-djk-waltrop.de\/wp-content\/uploads\/2021\/01\/CollageMaker_202111820272617.jpg 1080w\" sizes=\"(max-width: 720px) 100vw, 720px\" \/><\/p>\n<p><img decoding=\"async\" loading=\"lazy\" class=\"alignnone size-full wp-image-983\" src=\"http:\/\/sv-djk-waltrop.de\/wp-content\/uploads\/2021\/01\/Beitragsabbuchung.jpg\" alt=\"\" width=\"590\" height=\"857\" srcset=\"https:\/\/sv-djk-waltrop.de\/wp-content\/uploads\/2021\/01\/Beitragsabbuchung.jpg 590w, https:\/\/sv-djk-waltrop.de\/wp-content\/uploads\/2021\/01\/Beitragsabbuchung-207x300.jpg 207w\" sizes=\"(max-width: 590px) 100vw, 590px\" \/><\/p>\n<p><strong>Stand: 06.01.2021<\/strong><\/p>\n<p>\u00a0<\/p>\n<p><span style=\"color: #ff0000;\"><strong>Achtung:<\/strong><\/span><\/p>\n<p><span style=\"color: #ff0000;\"><strong>Vom 02.11.2020 bis voraussichtlich 30.11.2020 ist das Training f\u00fcr alle wegen des Lockdowns nicht m\u00f6glich! <\/strong><\/span><\/p>\n<p><span style=\"color: #ff0000;\"><strong>Euer Vorstand\u00a0\u00a0\u00a0\u00a0\u00a0\u00a0\u00a0\u00a0\u00a0\u00a0\u00a0\u00a0\u00a0\u00a0\u00a0\u00a0\u00a0\u00a0\u00a0\u00a0\u00a0\u00a0\u00a0\u00a0\u00a0\u00a0\u00a0\u00a0\u00a0\u00a0\u00a0\u00a0\u00a0\u00a0\u00a0\u00a0\u00a0\u00a0\u00a0\u00a0\u00a0\u00a0\u00a0\u00a0\u00a0\u00a0\u00a0\u00a0\u00a0\u00a0 \u00a0 \u00a0 \u00a0\u00a0 \u00a0\u00a0\u00a0\u00a0\u00a0\u00a0\u00a0\u00a0 Stand: 31.10.2020<\/strong><\/span><\/p>\n<p>\u00a0<\/p>\n<p><img decoding=\"async\" loading=\"lazy\" class=\"alignnone size-large wp-image-959\" src=\"http:\/\/sv-djk-waltrop.de\/wp-content\/uploads\/2020\/10\/ElternBrief26102020-1024x768.png\" alt=\"\" width=\"720\" height=\"540\" srcset=\"https:\/\/sv-djk-waltrop.de\/wp-content\/uploads\/2020\/10\/ElternBrief26102020-1024x768.png 1024w, https:\/\/sv-djk-waltrop.de\/wp-content\/uploads\/2020\/10\/ElternBrief26102020-300x225.png 300w, https:\/\/sv-djk-waltrop.de\/wp-content\/uploads\/2020\/10\/ElternBrief26102020-768x576.png 768w, https:\/\/sv-djk-waltrop.de\/wp-content\/uploads\/2020\/10\/ElternBrief26102020.png 1215w\" sizes=\"(max-width: 720px) 100vw, 720px\" \/><\/p>\n<p><img decoding=\"async\" loading=\"lazy\" class=\"alignnone size-large wp-image-965\" src=\"http:\/\/sv-djk-waltrop.de\/wp-content\/uploads\/2020\/10\/WasserGym-1024x762.png\" alt=\"\" width=\"720\" height=\"536\" srcset=\"https:\/\/sv-djk-waltrop.de\/wp-content\/uploads\/2020\/10\/WasserGym-1024x762.png 1024w, https:\/\/sv-djk-waltrop.de\/wp-content\/uploads\/2020\/10\/WasserGym-300x223.png 300w, https:\/\/sv-djk-waltrop.de\/wp-content\/uploads\/2020\/10\/WasserGym-768x572.png 768w, https:\/\/sv-djk-waltrop.de\/wp-content\/uploads\/2020\/10\/WasserGym.png 1217w\" sizes=\"(max-width: 720px) 100vw, 720px\" \/><\/p>\n<p><img decoding=\"async\" loading=\"lazy\" class=\"alignnone  wp-image-946\" src=\"http:\/\/sv-djk-waltrop.de\/wp-content\/uploads\/2020\/10\/Zeitung03102020_2-216x300.jpg\" alt=\"\" width=\"597\" height=\"830\" srcset=\"https:\/\/sv-djk-waltrop.de\/wp-content\/uploads\/2020\/10\/Zeitung03102020_2-216x300.jpg 216w, https:\/\/sv-djk-waltrop.de\/wp-content\/uploads\/2020\/10\/Zeitung03102020_2-768x1066.jpg 768w\" sizes=\"(max-width: 597px) 100vw, 597px\" \/><\/p>\n<p>Quelle: Christine Horn, Waltroper Zeitung vom 03.10.2020<\/p>\n<p>\u00a0<\/p>\n<p><span style=\"color: #ff0000;\"><strong>Der SV DJK Teutonia Waltrop hat nach den Ferien den Schwimmbetrieb wieder aufgenommen. Unter der Beachtung der Corona-Schutzverordnung kann leider nur ein eingeschr\u00e4nkter Betrieb stattfinden. Um die geltenden Regeln der Stadt Waltrop einzuhalten, war es au\u00dferdem n\u00f6tig, alle Zeiten und Gruppen anzupassen, da wir zur Zeit nur 25 Personen \/ je Stunde ins Becken lassen d\u00fcrfen.<\/strong><\/span><\/p>\n<p><span style=\"color: #ff0000;\"><strong>Alle Teilnehmer, deren Kurse wieder starten, wurden von uns benachrichtigt.<\/strong><\/span><\/p>\n<p><span style=\"color: #ff0000;\"><strong>Dies betrifft Kurse aus den Abteilungen Nichtschwimmerausbildung, Wettkampfmannschaft, Aqua Fitness, Wasserball sowie Breitensport-Schwimmer.<\/strong><\/span><\/p>\n<p><span style=\"color: #ff0000;\"><strong>Wir bedauern es sehr, dass wir nicht allen Mitgliedern ihre Schwimmzeiten, so wie es fr\u00fcher m\u00f6glich war, einrichten k\u00f6nnen.<\/strong><\/span><\/p>\n<p><span style=\"color: #ff0000;\"><strong>Bleibt zu hoffen, dass die Entwicklung der Corona-Pandemie kurzfristig eine weitere Lockerung der Begrenzungen erm\u00f6glicht und in absehbarer Zeit eine gewohnte Nutzung des Hallenbades gefahrlos m\u00f6glich ist.\u00a0\u00a0\u00a0\u00a0\u00a0\u00a0\u00a0\u00a0\u00a0\u00a0\u00a0\u00a0\u00a0\u00a0\u00a0\u00a0\u00a0\u00a0\u00a0\u00a0\u00a0\u00a0\u00a0\u00a0 <\/strong><\/span><\/p>\n<p><span style=\"color: #ff0000;\"><strong>Stand 29.09.2020<br \/><\/strong><\/span><\/p>\n<p><span style=\"color: #ff0000;\"><strong>\u00a0<\/strong><\/span><\/p>\n<p><span style=\"color: #000000;\"><strong>ACHTUNG:<\/strong><\/span><br \/><span style=\"color: #000000;\"><strong>Auf Grund der \u201eCorona Epidemie\u201c ist das Hallenbad an der Riphausstra\u00dfe nur unter Auflagen und mit stark eingeschr\u00e4nkter<\/strong><\/span><br \/><span style=\"color: #000000;\"><strong>Teilnehmerzahl nutzbar. Gleiches gilt auch f\u00fcr die Sporthallen.<\/strong><\/span><br \/><span style=\"color: #000000;\"><strong>D.h. derzeit findet nur das Training f\u00fcr die Wettkampfmannschaften 1 und 2 statt.<\/strong><\/span><br \/><span style=\"color: #000000;\"><strong>Zus\u00e4tzlich wird probeweise eine stark reduzierte Nichtschwimmerausbildung gestartet.<br \/>In Frage kommende Kinder werden durch uns benachrichtigt, wir bitten von Nachfragen abzusehen.<br \/>Solange sich die Coronaregeln der Stadt Waltrop nicht \u00e4ndern, wird ein gewohntes Training weiterhin nicht stattfinden k\u00f6nnen.<br \/>N\u00e4heres k\u00f6nnen wir zum derzeitigen Zeitpunkt noch nicht sagen.<br \/>Sollte sich was \u00e4ndern werden wir diese Informationen aktualisieren, schaut daher bitte regelm\u00e4\u00dfig auf unsere Internetseite oder auf den Status unseres Vereinshandy 0174-8684412!<\/strong><\/span><\/p>\n<p><span style=\"color: #000000;\"><strong>Der Vorstand<\/strong><\/span><\/p>\n<p><span style=\"color: #000000;\"><strong>Stand 14.08.2020<\/strong><\/span><\/p>\n<p>=====================================<\/p>\n<p>Hallo M\u00e4dels<br \/>Unsere Bauch-Beine-Po Gruppe sucht Verst\u00e4rkung!<\/p>\n<p><img decoding=\"async\" loading=\"lazy\" class=\"alignnone size-medium wp-image-698\" src=\"http:\/\/sv-djk-waltrop.de\/wp-content\/uploads\/2019\/10\/BBP-1-300x183.png\" alt=\"\" width=\"300\" height=\"183\" srcset=\"https:\/\/sv-djk-waltrop.de\/wp-content\/uploads\/2019\/10\/BBP-1-300x183.png 300w, https:\/\/sv-djk-waltrop.de\/wp-content\/uploads\/2019\/10\/BBP-1.png 440w\" sizes=\"(max-width: 300px) 100vw, 300px\" \/><br \/>Lust sich richtig auszupowern? Frust abtrainieren?<br \/>Und das alles in einer netten Gruppe?<br \/>Dann kommt direkt vorbei zur kostenlosen Schnupperstunde<\/p>\n<p>Wo: Ph\u00f6nix-Schule \/<br \/>Hafenstr. \/ Waltrop<br \/>Wann: Mittwochs<br \/>18 &#8211; 19 Uhr<br \/>(au\u00dferhalb der Ferien)<\/p>\n<p>Wer: M\u00e4dels ab 16 Jahre<br \/>wir sind bunt gemischt vom Alter<br \/>P\u00fcnktlich sein, ab 17:50 Uhr wird die T\u00fcr verschlossen<\/p>\n<p>Kosten: 10 er Karte 30,00 \u20ac<br \/>sie muss innerhalb von 12 stattgefundenen Terminen aufgebraucht werden<br \/>Kontakt: Sandra Hornberger<br \/>Sh-schwimmverein@web.de<\/p>\n\n\n<p><\/p>\n\n\n<p><!--EndFragment--><br>\n<br>\n<\/p>","protected":false},"excerpt":{"rendered":"<p>Wir sind dabei &#8211; Ihr findet uns in der Vorweihnachtszeit, immer Mittwochs an der Hochstr. 78 \u00a0 \u00a0\u00a0 \u00a0 Ihr k\u00f6nnt unseren Verein jetzt \u00fcber Amazon.Smile.de unterst\u00fctzen Hierzu bei Organisation nach &#8222;SV DJK Teutonia&#46;&#46;&#46;<\/p>\n","protected":false},"author":3,"featured_media":0,"parent":0,"menu_order":0,"comment_status":"closed","ping_status":"closed","template":"","meta":[],"_links":{"self":[{"href":"https:\/\/sv-djk-waltrop.de\/index.php?rest_route=\/wp\/v2\/pages\/1573"}],"collection":[{"href":"https:\/\/sv-djk-waltrop.de\/index.php?rest_route=\/wp\/v2\/pages"}],"about":[{"href":"https:\/\/sv-djk-waltrop.de\/index.php?rest_route=\/wp\/v2\/types\/page"}],"author":[{"embeddable":true,"href":"https:\/\/sv-djk-waltrop.de\/index.php?rest_route=\/wp\/v2\/users\/3"}],"replies":[{"embeddable":true,"href":"https:\/\/sv-djk-waltrop.de\/index.php?rest_route=%2Fwp%2Fv2%2Fcomments&post=1573"}],"version-history":[{"count":1,"href":"https:\/\/sv-djk-waltrop.de\/index.php?rest_route=\/wp\/v2\/pages\/1573\/revisions"}],"predecessor-version":[{"id":1580,"href":"https:\/\/sv-djk-waltrop.de\/index.php?rest_route=\/wp\/v2\/pages\/1573\/revisions\/1580"}],"wp:attachment":[{"href":"https:\/\/sv-djk-waltrop.de\/index.php?rest_route=%2Fwp%2Fv2%2Fmedia&parent=1573"}],"curies":[{"name":"wp","href":"https:\/\/api.w.org\/{rel}","templated":true}]}}