{"id":56,"date":"2016-03-06T12:09:53","date_gmt":"2016-03-06T12:09:53","guid":{"rendered":"http:\/\/sv-djk-waltrop.de\/?page_id=56"},"modified":"2026-03-14T18:36:23","modified_gmt":"2026-03-14T18:36:23","slug":"formulare","status":"publish","type":"page","link":"https:\/\/sv-djk-waltrop.de\/?page_id=56","title":{"rendered":"Formulare"},"content":{"rendered":"<p><span style=\"color: #ff0000;\"><strong>Aufnahmeantr\u00e4ge k\u00f6nnen erst nach Best\u00e4tigung per Whats app ausgef\u00fcllt werden!<\/strong><\/span><\/p>\n<p><strong><span style=\"color: #ff0000;\">Folgende Informationen sollten in der Mail (sh-schwimmverein@web.de) f\u00fcr die Anmeldung auf der Warteliste der Nichtschwimmer\/Schwimm-Ausbildung bzw. Kinderturnen enthalten sein:<\/span><\/strong><\/p>\n<p><span style=\"color: #ff0000;\"><strong>Vollst\u00e4ndiger Name des Kindes, Geburtsdatum, Wohnort, Handynummer der Eltern, evtl. vorhandene Schwimmabzeichen und wo diese erworben wurden!!! Ansonsten werden die Mails bei Unvollst\u00e4ndigkeit gel\u00f6scht!!!<\/strong><\/span><\/p>\n<p><a href=\"http:\/\/sv-djk-waltrop.de\/?attachment_id=2508\">Mitgliedsantrag SV Mitgliedschaft ab 2026<\/a><\/p>\n<p><a href=\"http:\/\/sv-djk-waltrop.de\/?attachment_id=2509\">Mitgliedsantrag_Teutonia Kurs ab 2026-komplett<\/a><\/p>\n<p><a href=\"http:\/\/sv-djk-waltrop.de\/?attachment_id=2510\">Mo 1 KT komplett<\/a><\/p>\n<p><a href=\"http:\/\/sv-djk-waltrop.de\/?attachment_id=2511\">Mo 2 KT komplett<\/a><\/p>\n<p><a href=\"http:\/\/sv-djk-waltrop.de\/?attachment_id=2512\">Di 1 KT komplett<\/a><\/p>\n<p><a href=\"http:\/\/sv-djk-waltrop.de\/?attachment_id=2513\">Di 2 KT komplett<\/a><\/p>\n","protected":false},"excerpt":{"rendered":"<p>Aufnahmeantr\u00e4ge k\u00f6nnen erst nach Best\u00e4tigung per Whats app ausgef\u00fcllt werden! Folgende Informationen sollten in der Mail (sh-schwimmverein@web.de) f\u00fcr die Anmeldung auf der Warteliste der Nichtschwimmer\/Schwimm-Ausbildung bzw. Kinderturnen enthalten sein: Vollst\u00e4ndiger Name des Kindes, Geburtsdatum,&#46;&#46;&#46;<\/p>\n","protected":false},"author":3,"featured_media":0,"parent":0,"menu_order":0,"comment_status":"closed","ping_status":"closed","template":"","meta":[],"_links":{"self":[{"href":"https:\/\/sv-djk-waltrop.de\/index.php?rest_route=\/wp\/v2\/pages\/56"}],"collection":[{"href":"https:\/\/sv-djk-waltrop.de\/index.php?rest_route=\/wp\/v2\/pages"}],"about":[{"href":"https:\/\/sv-djk-waltrop.de\/index.php?rest_route=\/wp\/v2\/types\/page"}],"author":[{"embeddable":true,"href":"https:\/\/sv-djk-waltrop.de\/index.php?rest_route=\/wp\/v2\/users\/3"}],"replies":[{"embeddable":true,"href":"https:\/\/sv-djk-waltrop.de\/index.php?rest_route=%2Fwp%2Fv2%2Fcomments&post=56"}],"version-history":[{"count":64,"href":"https:\/\/sv-djk-waltrop.de\/index.php?rest_route=\/wp\/v2\/pages\/56\/revisions"}],"predecessor-version":[{"id":2517,"href":"https:\/\/sv-djk-waltrop.de\/index.php?rest_route=\/wp\/v2\/pages\/56\/revisions\/2517"}],"wp:attachment":[{"href":"https:\/\/sv-djk-waltrop.de\/index.php?rest_route=%2Fwp%2Fv2%2Fmedia&parent=56"}],"curies":[{"name":"wp","href":"https:\/\/api.w.org\/{rel}","templated":true}]}}